{"id":70,"date":"2020-01-28T06:55:07","date_gmt":"2020-01-28T06:55:07","guid":{"rendered":"https:\/\/demo.themeansar.com\/newsup\/lite\/?page_id=70"},"modified":"2023-10-19T07:51:39","modified_gmt":"2023-10-19T05:51:39","slug":"kontakt","status":"publish","type":"page","link":"https:\/\/kosarkapgz.com\/?page_id=70","title":{"rendered":"Kontakt"},"content":{"rendered":"\r\n<h2 class=\"has-text-align-center\">Adresa<\/h2>\r\n<p class=\"has-text-align-center\">Verdijeva 11\/III<br \/>51000 Rijeka<br \/>Hrvatska<\/p>\r\n<p class=\"has-text-align-center\"><strong>E-mail:<\/strong>\u00a0<a href=\"mailto:pjevalica@inet.hr\">pjevalica@inet.hr<\/a>,\u00a0<a href=\"mailto:zoran.pjevalica51@gmail.com\">zoran.pjevalica51@gmail.com<\/a><br \/><strong>Mob:<\/strong>\u00a0+385 99 219 50 10<br \/><strong>Tel:\u00a0<\/strong>+385 51 215 338<br \/><a href=\"http:\/\/www.kszpg.hr\/\">http:\/\/kosarkapgz.com<\/a><\/p>\r\n<p class=\"has-text-align-center\"><strong>IBAN:\u00a0<\/strong>HR3723600001101497463<\/p>\r\n","protected":false},"excerpt":{"rendered":"<p>Adresa Verdijeva 11\/III51000 RijekaHrvatska E-mail:\u00a0pjevalica@inet.hr,\u00a0zoran.pjevalica51@gmail.comMob:\u00a0+385 99 219 50 10Tel:\u00a0+385 51 215 338http:\/\/kosarkapgz.com IBAN:\u00a0HR3723600001101497463<\/p>\n","protected":false},"author":1,"featured_media":0,"parent":0,"menu_order":0,"comment_status":"closed","ping_status":"closed","template":"","meta":{"footnotes":""},"yoast_head":"<!-- This site is optimized with the Yoast SEO plugin v21.6 - https:\/\/yoast.com\/wordpress\/plugins\/seo\/ -->\n<title>Kontakt - Ko\u0161arka\u0161ki savez PG\u017d<\/title>\n<meta name=\"robots\" content=\"index, follow, max-snippet:-1, max-image-preview:large, max-video-preview:-1\" \/>\n<link rel=\"canonical\" href=\"https:\/\/kosarkapgz.com\/?page_id=70\" \/>\n<meta property=\"og:locale\" content=\"hr_HR\" \/>\n<meta property=\"og:type\" content=\"article\" \/>\n<meta property=\"og:title\" content=\"Kontakt - Ko\u0161arka\u0161ki savez PG\u017d\" \/>\n<meta property=\"og:description\" content=\"Adresa Verdijeva 11\/III51000 RijekaHrvatska E-mail:\u00a0pjevalica@inet.hr,\u00a0zoran.pjevalica51@gmail.comMob:\u00a0+385 99 219 50 10Tel:\u00a0+385 51 215 338http:\/\/kosarkapgz.com IBAN:\u00a0HR3723600001101497463\" \/>\n<meta property=\"og:url\" content=\"https:\/\/kosarkapgz.com\/?page_id=70\" \/>\n<meta property=\"og:site_name\" content=\"Ko\u0161arka\u0161ki savez PG\u017d\" \/>\n<meta property=\"article:modified_time\" content=\"2023-10-19T05:51:39+00:00\" \/>\n<meta name=\"twitter:card\" content=\"summary_large_image\" \/>\n<meta name=\"twitter:label1\" content=\"Procijenjeno vrijeme \u010ditanja\" \/>\n\t<meta name=\"twitter:data1\" content=\"1 minuta\" \/>\n<script type=\"application\/ld+json\" class=\"yoast-schema-graph\">{\"@context\":\"https:\/\/schema.org\",\"@graph\":[{\"@type\":\"WebPage\",\"@id\":\"https:\/\/kosarkapgz.com\/?page_id=70\",\"url\":\"https:\/\/kosarkapgz.com\/?page_id=70\",\"name\":\"Kontakt - Ko\u0161arka\u0161ki savez PG\u017d\",\"isPartOf\":{\"@id\":\"https:\/\/kosarkapgz.com\/#website\"},\"datePublished\":\"2020-01-28T06:55:07+00:00\",\"dateModified\":\"2023-10-19T05:51:39+00:00\",\"breadcrumb\":{\"@id\":\"https:\/\/kosarkapgz.com\/?page_id=70#breadcrumb\"},\"inLanguage\":\"hr\",\"potentialAction\":[{\"@type\":\"ReadAction\",\"target\":[\"https:\/\/kosarkapgz.com\/?page_id=70\"]}]},{\"@type\":\"BreadcrumbList\",\"@id\":\"https:\/\/kosarkapgz.com\/?page_id=70#breadcrumb\",\"itemListElement\":[{\"@type\":\"ListItem\",\"position\":1,\"name\":\"Home\",\"item\":\"https:\/\/kosarkapgz.com\/\"},{\"@type\":\"ListItem\",\"position\":2,\"name\":\"Kontakt\"}]},{\"@type\":\"WebSite\",\"@id\":\"https:\/\/kosarkapgz.com\/#website\",\"url\":\"https:\/\/kosarkapgz.com\/\",\"name\":\"Ko\u0161arka\u0161ki savez PG\u017d\",\"description\":\"Slu\u017ebena stranica Ko\u0161arka\u0161kog saveza Primorsko - goranske \u017eupanije\",\"publisher\":{\"@id\":\"https:\/\/kosarkapgz.com\/#organization\"},\"alternateName\":\"Ko\u0161arkaPG\u017d\",\"potentialAction\":[{\"@type\":\"SearchAction\",\"target\":{\"@type\":\"EntryPoint\",\"urlTemplate\":\"https:\/\/kosarkapgz.com\/?s={search_term_string}\"},\"query-input\":\"required name=search_term_string\"}],\"inLanguage\":\"hr\"},{\"@type\":\"Organization\",\"@id\":\"https:\/\/kosarkapgz.com\/#organization\",\"name\":\"Ko\u0161arka\u0161ki savez PG\u017d\",\"url\":\"https:\/\/kosarkapgz.com\/\",\"logo\":{\"@type\":\"ImageObject\",\"inLanguage\":\"hr\",\"@id\":\"https:\/\/kosarkapgz.com\/#\/schema\/logo\/image\/\",\"url\":\"https:\/\/kosarkapgz.com\/wp-content\/uploads\/2023\/11\/kspgz_zastavica.jpg\",\"contentUrl\":\"https:\/\/kosarkapgz.com\/wp-content\/uploads\/2023\/11\/kspgz_zastavica.jpg\",\"width\":150,\"height\":189,\"caption\":\"Ko\u0161arka\u0161ki savez PG\u017d\"},\"image\":{\"@id\":\"https:\/\/kosarkapgz.com\/#\/schema\/logo\/image\/\"}}]}<\/script>\n<!-- \/ Yoast SEO plugin. -->","yoast_head_json":{"title":"Kontakt - Ko\u0161arka\u0161ki savez PG\u017d","robots":{"index":"index","follow":"follow","max-snippet":"max-snippet:-1","max-image-preview":"max-image-preview:large","max-video-preview":"max-video-preview:-1"},"canonical":"https:\/\/kosarkapgz.com\/?page_id=70","og_locale":"hr_HR","og_type":"article","og_title":"Kontakt - Ko\u0161arka\u0161ki savez PG\u017d","og_description":"Adresa Verdijeva 11\/III51000 RijekaHrvatska E-mail:\u00a0pjevalica@inet.hr,\u00a0zoran.pjevalica51@gmail.comMob:\u00a0+385 99 219 50 10Tel:\u00a0+385 51 215 338http:\/\/kosarkapgz.com IBAN:\u00a0HR3723600001101497463","og_url":"https:\/\/kosarkapgz.com\/?page_id=70","og_site_name":"Ko\u0161arka\u0161ki savez PG\u017d","article_modified_time":"2023-10-19T05:51:39+00:00","twitter_card":"summary_large_image","twitter_misc":{"Procijenjeno vrijeme \u010ditanja":"1 minuta"},"schema":{"@context":"https:\/\/schema.org","@graph":[{"@type":"WebPage","@id":"https:\/\/kosarkapgz.com\/?page_id=70","url":"https:\/\/kosarkapgz.com\/?page_id=70","name":"Kontakt - Ko\u0161arka\u0161ki savez PG\u017d","isPartOf":{"@id":"https:\/\/kosarkapgz.com\/#website"},"datePublished":"2020-01-28T06:55:07+00:00","dateModified":"2023-10-19T05:51:39+00:00","breadcrumb":{"@id":"https:\/\/kosarkapgz.com\/?page_id=70#breadcrumb"},"inLanguage":"hr","potentialAction":[{"@type":"ReadAction","target":["https:\/\/kosarkapgz.com\/?page_id=70"]}]},{"@type":"BreadcrumbList","@id":"https:\/\/kosarkapgz.com\/?page_id=70#breadcrumb","itemListElement":[{"@type":"ListItem","position":1,"name":"Home","item":"https:\/\/kosarkapgz.com\/"},{"@type":"ListItem","position":2,"name":"Kontakt"}]},{"@type":"WebSite","@id":"https:\/\/kosarkapgz.com\/#website","url":"https:\/\/kosarkapgz.com\/","name":"Ko\u0161arka\u0161ki savez PG\u017d","description":"Slu\u017ebena stranica Ko\u0161arka\u0161kog saveza Primorsko - goranske \u017eupanije","publisher":{"@id":"https:\/\/kosarkapgz.com\/#organization"},"alternateName":"Ko\u0161arkaPG\u017d","potentialAction":[{"@type":"SearchAction","target":{"@type":"EntryPoint","urlTemplate":"https:\/\/kosarkapgz.com\/?s={search_term_string}"},"query-input":"required name=search_term_string"}],"inLanguage":"hr"},{"@type":"Organization","@id":"https:\/\/kosarkapgz.com\/#organization","name":"Ko\u0161arka\u0161ki savez PG\u017d","url":"https:\/\/kosarkapgz.com\/","logo":{"@type":"ImageObject","inLanguage":"hr","@id":"https:\/\/kosarkapgz.com\/#\/schema\/logo\/image\/","url":"https:\/\/kosarkapgz.com\/wp-content\/uploads\/2023\/11\/kspgz_zastavica.jpg","contentUrl":"https:\/\/kosarkapgz.com\/wp-content\/uploads\/2023\/11\/kspgz_zastavica.jpg","width":150,"height":189,"caption":"Ko\u0161arka\u0161ki savez PG\u017d"},"image":{"@id":"https:\/\/kosarkapgz.com\/#\/schema\/logo\/image\/"}}]}},"_links":{"self":[{"href":"https:\/\/kosarkapgz.com\/index.php?rest_route=\/wp\/v2\/pages\/70"}],"collection":[{"href":"https:\/\/kosarkapgz.com\/index.php?rest_route=\/wp\/v2\/pages"}],"about":[{"href":"https:\/\/kosarkapgz.com\/index.php?rest_route=\/wp\/v2\/types\/page"}],"author":[{"embeddable":true,"href":"https:\/\/kosarkapgz.com\/index.php?rest_route=\/wp\/v2\/users\/1"}],"replies":[{"embeddable":true,"href":"https:\/\/kosarkapgz.com\/index.php?rest_route=%2Fwp%2Fv2%2Fcomments&post=70"}],"version-history":[{"count":1,"href":"https:\/\/kosarkapgz.com\/index.php?rest_route=\/wp\/v2\/pages\/70\/revisions"}],"predecessor-version":[{"id":231,"href":"https:\/\/kosarkapgz.com\/index.php?rest_route=\/wp\/v2\/pages\/70\/revisions\/231"}],"wp:attachment":[{"href":"https:\/\/kosarkapgz.com\/index.php?rest_route=%2Fwp%2Fv2%2Fmedia&parent=70"}],"curies":[{"name":"wp","href":"https:\/\/api.w.org\/{rel}","templated":true}]}}