{"id":234,"date":"2023-10-19T07:54:42","date_gmt":"2023-10-19T05:54:42","guid":{"rendered":"https:\/\/kosarkapgz.com\/?page_id=234"},"modified":"2023-10-19T07:54:42","modified_gmt":"2023-10-19T05:54:42","slug":"upravni-odbor","status":"publish","type":"page","link":"https:\/\/kosarkapgz.com\/?page_id=234","title":{"rendered":"Upravni odbor"},"content":{"rendered":"<div class=\"entry-content clear\">\n<ul class=\"has-medium-font-size\">\n<li>Du\u0161ko Mio\u010di\u0107 \u2013 predsjednik<\/li>\n<li>Robert Jurkovi\u0107<\/li>\n<li>Goran Lon\u010dar<\/li>\n<li>Branko Musi\u0107<\/li>\n<li>Kre\u0161imir Kozlev\u010dar<\/li>\n<li>Ivica Komadina<\/li>\n<li>Dalibor Gu\u0161i\u0107<\/li>\n<\/ul>\n<\/div>\n","protected":false},"excerpt":{"rendered":"<p>Du\u0161ko Mio\u010di\u0107 \u2013 predsjednik Robert Jurkovi\u0107 Goran Lon\u010dar Branko Musi\u0107 Kre\u0161imir Kozlev\u010dar Ivica Komadina Dalibor Gu\u0161i\u0107<\/p>\n","protected":false},"author":1,"featured_media":0,"parent":0,"menu_order":0,"comment_status":"closed","ping_status":"closed","template":"","meta":{"footnotes":""},"yoast_head":"<!-- This site is optimized with the Yoast SEO plugin v21.6 - https:\/\/yoast.com\/wordpress\/plugins\/seo\/ -->\n<title>Upravni odbor - Ko\u0161arka\u0161ki savez PG\u017d<\/title>\n<meta name=\"robots\" content=\"index, follow, max-snippet:-1, max-image-preview:large, max-video-preview:-1\" \/>\n<link rel=\"canonical\" href=\"https:\/\/kosarkapgz.com\/?page_id=234\" \/>\n<meta property=\"og:locale\" content=\"hr_HR\" \/>\n<meta property=\"og:type\" content=\"article\" \/>\n<meta property=\"og:title\" content=\"Upravni odbor - Ko\u0161arka\u0161ki savez PG\u017d\" \/>\n<meta property=\"og:description\" content=\"Du\u0161ko Mio\u010di\u0107 \u2013 predsjednik Robert Jurkovi\u0107 Goran Lon\u010dar Branko Musi\u0107 Kre\u0161imir Kozlev\u010dar Ivica Komadina Dalibor Gu\u0161i\u0107\" \/>\n<meta property=\"og:url\" content=\"https:\/\/kosarkapgz.com\/?page_id=234\" \/>\n<meta property=\"og:site_name\" content=\"Ko\u0161arka\u0161ki savez PG\u017d\" \/>\n<meta name=\"twitter:card\" content=\"summary_large_image\" \/>\n<meta name=\"twitter:label1\" content=\"Procijenjeno vrijeme \u010ditanja\" \/>\n\t<meta name=\"twitter:data1\" content=\"1 minuta\" \/>\n<script type=\"application\/ld+json\" class=\"yoast-schema-graph\">{\"@context\":\"https:\/\/schema.org\",\"@graph\":[{\"@type\":\"WebPage\",\"@id\":\"https:\/\/kosarkapgz.com\/?page_id=234\",\"url\":\"https:\/\/kosarkapgz.com\/?page_id=234\",\"name\":\"Upravni odbor - Ko\u0161arka\u0161ki savez PG\u017d\",\"isPartOf\":{\"@id\":\"https:\/\/kosarkapgz.com\/#website\"},\"datePublished\":\"2023-10-19T05:54:42+00:00\",\"dateModified\":\"2023-10-19T05:54:42+00:00\",\"breadcrumb\":{\"@id\":\"https:\/\/kosarkapgz.com\/?page_id=234#breadcrumb\"},\"inLanguage\":\"hr\",\"potentialAction\":[{\"@type\":\"ReadAction\",\"target\":[\"https:\/\/kosarkapgz.com\/?page_id=234\"]}]},{\"@type\":\"BreadcrumbList\",\"@id\":\"https:\/\/kosarkapgz.com\/?page_id=234#breadcrumb\",\"itemListElement\":[{\"@type\":\"ListItem\",\"position\":1,\"name\":\"Home\",\"item\":\"https:\/\/kosarkapgz.com\/\"},{\"@type\":\"ListItem\",\"position\":2,\"name\":\"Upravni odbor\"}]},{\"@type\":\"WebSite\",\"@id\":\"https:\/\/kosarkapgz.com\/#website\",\"url\":\"https:\/\/kosarkapgz.com\/\",\"name\":\"Ko\u0161arka\u0161ki savez PG\u017d\",\"description\":\"Slu\u017ebena stranica Ko\u0161arka\u0161kog saveza Primorsko - goranske \u017eupanije\",\"publisher\":{\"@id\":\"https:\/\/kosarkapgz.com\/#organization\"},\"alternateName\":\"Ko\u0161arkaPG\u017d\",\"potentialAction\":[{\"@type\":\"SearchAction\",\"target\":{\"@type\":\"EntryPoint\",\"urlTemplate\":\"https:\/\/kosarkapgz.com\/?s={search_term_string}\"},\"query-input\":\"required name=search_term_string\"}],\"inLanguage\":\"hr\"},{\"@type\":\"Organization\",\"@id\":\"https:\/\/kosarkapgz.com\/#organization\",\"name\":\"Ko\u0161arka\u0161ki savez PG\u017d\",\"url\":\"https:\/\/kosarkapgz.com\/\",\"logo\":{\"@type\":\"ImageObject\",\"inLanguage\":\"hr\",\"@id\":\"https:\/\/kosarkapgz.com\/#\/schema\/logo\/image\/\",\"url\":\"https:\/\/kosarkapgz.com\/wp-content\/uploads\/2023\/11\/kspgz_zastavica.jpg\",\"contentUrl\":\"https:\/\/kosarkapgz.com\/wp-content\/uploads\/2023\/11\/kspgz_zastavica.jpg\",\"width\":150,\"height\":189,\"caption\":\"Ko\u0161arka\u0161ki savez PG\u017d\"},\"image\":{\"@id\":\"https:\/\/kosarkapgz.com\/#\/schema\/logo\/image\/\"}}]}<\/script>\n<!-- \/ Yoast SEO plugin. -->","yoast_head_json":{"title":"Upravni odbor - Ko\u0161arka\u0161ki savez PG\u017d","robots":{"index":"index","follow":"follow","max-snippet":"max-snippet:-1","max-image-preview":"max-image-preview:large","max-video-preview":"max-video-preview:-1"},"canonical":"https:\/\/kosarkapgz.com\/?page_id=234","og_locale":"hr_HR","og_type":"article","og_title":"Upravni odbor - Ko\u0161arka\u0161ki savez PG\u017d","og_description":"Du\u0161ko Mio\u010di\u0107 \u2013 predsjednik Robert Jurkovi\u0107 Goran Lon\u010dar Branko Musi\u0107 Kre\u0161imir Kozlev\u010dar Ivica Komadina Dalibor Gu\u0161i\u0107","og_url":"https:\/\/kosarkapgz.com\/?page_id=234","og_site_name":"Ko\u0161arka\u0161ki savez PG\u017d","twitter_card":"summary_large_image","twitter_misc":{"Procijenjeno vrijeme \u010ditanja":"1 minuta"},"schema":{"@context":"https:\/\/schema.org","@graph":[{"@type":"WebPage","@id":"https:\/\/kosarkapgz.com\/?page_id=234","url":"https:\/\/kosarkapgz.com\/?page_id=234","name":"Upravni odbor - Ko\u0161arka\u0161ki savez PG\u017d","isPartOf":{"@id":"https:\/\/kosarkapgz.com\/#website"},"datePublished":"2023-10-19T05:54:42+00:00","dateModified":"2023-10-19T05:54:42+00:00","breadcrumb":{"@id":"https:\/\/kosarkapgz.com\/?page_id=234#breadcrumb"},"inLanguage":"hr","potentialAction":[{"@type":"ReadAction","target":["https:\/\/kosarkapgz.com\/?page_id=234"]}]},{"@type":"BreadcrumbList","@id":"https:\/\/kosarkapgz.com\/?page_id=234#breadcrumb","itemListElement":[{"@type":"ListItem","position":1,"name":"Home","item":"https:\/\/kosarkapgz.com\/"},{"@type":"ListItem","position":2,"name":"Upravni odbor"}]},{"@type":"WebSite","@id":"https:\/\/kosarkapgz.com\/#website","url":"https:\/\/kosarkapgz.com\/","name":"Ko\u0161arka\u0161ki savez PG\u017d","description":"Slu\u017ebena stranica Ko\u0161arka\u0161kog saveza Primorsko - goranske \u017eupanije","publisher":{"@id":"https:\/\/kosarkapgz.com\/#organization"},"alternateName":"Ko\u0161arkaPG\u017d","potentialAction":[{"@type":"SearchAction","target":{"@type":"EntryPoint","urlTemplate":"https:\/\/kosarkapgz.com\/?s={search_term_string}"},"query-input":"required name=search_term_string"}],"inLanguage":"hr"},{"@type":"Organization","@id":"https:\/\/kosarkapgz.com\/#organization","name":"Ko\u0161arka\u0161ki savez PG\u017d","url":"https:\/\/kosarkapgz.com\/","logo":{"@type":"ImageObject","inLanguage":"hr","@id":"https:\/\/kosarkapgz.com\/#\/schema\/logo\/image\/","url":"https:\/\/kosarkapgz.com\/wp-content\/uploads\/2023\/11\/kspgz_zastavica.jpg","contentUrl":"https:\/\/kosarkapgz.com\/wp-content\/uploads\/2023\/11\/kspgz_zastavica.jpg","width":150,"height":189,"caption":"Ko\u0161arka\u0161ki savez PG\u017d"},"image":{"@id":"https:\/\/kosarkapgz.com\/#\/schema\/logo\/image\/"}}]}},"_links":{"self":[{"href":"https:\/\/kosarkapgz.com\/index.php?rest_route=\/wp\/v2\/pages\/234"}],"collection":[{"href":"https:\/\/kosarkapgz.com\/index.php?rest_route=\/wp\/v2\/pages"}],"about":[{"href":"https:\/\/kosarkapgz.com\/index.php?rest_route=\/wp\/v2\/types\/page"}],"author":[{"embeddable":true,"href":"https:\/\/kosarkapgz.com\/index.php?rest_route=\/wp\/v2\/users\/1"}],"replies":[{"embeddable":true,"href":"https:\/\/kosarkapgz.com\/index.php?rest_route=%2Fwp%2Fv2%2Fcomments&post=234"}],"version-history":[{"count":1,"href":"https:\/\/kosarkapgz.com\/index.php?rest_route=\/wp\/v2\/pages\/234\/revisions"}],"predecessor-version":[{"id":235,"href":"https:\/\/kosarkapgz.com\/index.php?rest_route=\/wp\/v2\/pages\/234\/revisions\/235"}],"wp:attachment":[{"href":"https:\/\/kosarkapgz.com\/index.php?rest_route=%2Fwp%2Fv2%2Fmedia&parent=234"}],"curies":[{"name":"wp","href":"https:\/\/api.w.org\/{rel}","templated":true}]}}